{"id":25844,"date":"2024-08-16T23:33:07","date_gmt":"2024-08-16T23:33:07","guid":{"rendered":"https:\/\/nk7-testes.com.br\/ct3\/?page_id=25844"},"modified":"2024-08-16T23:58:53","modified_gmt":"2024-08-16T23:58:53","slug":"clinica","status":"publish","type":"page","link":"https:\/\/nk7-testes.com.br\/ct3\/clinica\/","title":{"rendered":"Cl\u00ednica"},"content":{"rendered":"\t\t<div data-elementor-type=\"wp-page\" data-elementor-id=\"25844\" class=\"elementor elementor-25844\" data-elementor-post-type=\"page\">\n\t\t\t\t\t\t<section class=\"elementor-section elementor-top-section elementor-element elementor-element-552a975 scheme_light elementor-section-boxed elementor-section-height-default elementor-section-height-default sc_fly_static\" data-id=\"552a975\" data-element_type=\"section\" data-settings=\"{&quot;background_background&quot;:&quot;classic&quot;}\">\n\t\t\t\t\t\t<div class=\"elementor-container elementor-column-gap-extended\">\n\t\t\t\t\t<div class=\"elementor-column elementor-col-100 elementor-top-column elementor-element elementor-element-0909cd4 sc_inner_width_none sc_content_align_inherit sc_layouts_column_icons_position_left sc_fly_static\" data-id=\"0909cd4\" data-element_type=\"column\">\n\t\t\t<div class=\"elementor-widget-wrap elementor-element-populated\">\n\t\t\t\t\t\t<div class=\"elementor-element elementor-element-5c70834 sc_height_huge sc_fly_static elementor-widget elementor-widget-spacer\" data-id=\"5c70834\" data-element_type=\"widget\" data-widget_type=\"spacer.default\">\n\t\t\t\t<div class=\"elementor-widget-container\">\n\t\t\t<style>\/*! elementor - v3.22.0 - 17-06-2024 *\/\n.elementor-column .elementor-spacer-inner{height:var(--spacer-size)}.e-con{--container-widget-width:100%}.e-con-inner>.elementor-widget-spacer,.e-con>.elementor-widget-spacer{width:var(--container-widget-width,var(--spacer-size));--align-self:var(--container-widget-align-self,initial);--flex-shrink:0}.e-con-inner>.elementor-widget-spacer>.elementor-widget-container,.e-con>.elementor-widget-spacer>.elementor-widget-container{height:100%;width:100%}.e-con-inner>.elementor-widget-spacer>.elementor-widget-container>.elementor-spacer,.e-con>.elementor-widget-spacer>.elementor-widget-container>.elementor-spacer{height:100%}.e-con-inner>.elementor-widget-spacer>.elementor-widget-container>.elementor-spacer>.elementor-spacer-inner,.e-con>.elementor-widget-spacer>.elementor-widget-container>.elementor-spacer>.elementor-spacer-inner{height:var(--container-widget-height,var(--spacer-size))}.e-con-inner>.elementor-widget-spacer.elementor-widget-empty,.e-con>.elementor-widget-spacer.elementor-widget-empty{position:relative;min-height:22px;min-width:22px}.e-con-inner>.elementor-widget-spacer.elementor-widget-empty .elementor-widget-empty-icon,.e-con>.elementor-widget-spacer.elementor-widget-empty .elementor-widget-empty-icon{position:absolute;top:0;bottom:0;left:0;right:0;margin:auto;padding:0;width:22px;height:22px}<\/style>\t\t<div class=\"elementor-spacer\">\n\t\t\t<div class=\"elementor-spacer-inner\"><\/div>\n\t\t<\/div>\n\t\t\t\t<\/div>\n\t\t\t\t<\/div>\n\t\t\t\t\t<\/div>\n\t\t<\/div>\n\t\t\t\t\t<\/div>\n\t\t<\/section>\n\t\t\t\t<section class=\"elementor-section elementor-top-section elementor-element elementor-element-4b2cdd57 elementor-section-boxed elementor-section-height-default elementor-section-height-default sc_fly_static\" data-id=\"4b2cdd57\" data-element_type=\"section\" data-settings=\"{&quot;background_background&quot;:&quot;classic&quot;}\">\n\t\t\t\t\t\t<div class=\"elementor-container elementor-column-gap-extended\">\n\t\t\t\t\t<div class=\"elementor-column elementor-col-50 elementor-top-column elementor-element elementor-element-38994460 sc_inner_width_none sc_content_align_inherit sc_layouts_column_icons_position_left sc_fly_static\" data-id=\"38994460\" data-element_type=\"column\">\n\t\t\t<div class=\"elementor-widget-wrap elementor-element-populated\">\n\t\t\t\t\t\t<section class=\"elementor-section elementor-inner-section elementor-element elementor-element-3a8d77d4 elementor-section-boxed elementor-section-height-default elementor-section-height-default sc_fly_static\" data-id=\"3a8d77d4\" data-element_type=\"section\">\n\t\t\t\t\t\t<div class=\"elementor-container elementor-column-gap-no\">\n\t\t\t\t\t<div class=\"elementor-column elementor-col-100 elementor-inner-column elementor-element elementor-element-4cafc97b sc_inner_width_none sc_content_align_inherit sc_layouts_column_icons_position_left sc_fly_static\" data-id=\"4cafc97b\" data-element_type=\"column\">\n\t\t\t<div class=\"elementor-widget-wrap elementor-element-populated\">\n\t\t\t\t\t\t<div class=\"elementor-element elementor-element-43a26dc5 no-title animation_type_block sc_fly_static elementor-invisible elementor-widget elementor-widget-image\" data-id=\"43a26dc5\" data-element_type=\"widget\" data-settings=\"{&quot;_animation&quot;:&quot;racquet-fadeinup&quot;}\" data-widget_type=\"image.default\">\n\t\t\t\t<div class=\"elementor-widget-container\">\n\t\t\t<style>\/*! elementor - v3.22.0 - 17-06-2024 *\/\n.elementor-widget-image{text-align:center}.elementor-widget-image a{display:inline-block}.elementor-widget-image a img[src$=\".svg\"]{width:48px}.elementor-widget-image img{vertical-align:middle;display:inline-block}<\/style>\t\t\t\t\t\t\t\t\t\t<img decoding=\"async\" src=\"https:\/\/nk7-testes.com.br\/ct3\/wp-content\/uploads\/elementor\/thumbs\/83_1-2-copyright-qv50f1vsqnmerapsowrta5dmrgz9usx2vb51qgq63q.jpg\" title=\"83_1-2-copyright\" alt=\"83_1-2-copyright\" loading=\"lazy\" \/>\t\t\t\t\t\t\t\t\t\t\t\t\t<\/div>\n\t\t\t\t<\/div>\n\t\t\t\t<div class=\"elementor-element elementor-element-e7e7783 elementor-widget__width-initial elementor-absolute elementor-widget-mobile__width-initial elementor-widget-tablet__width-initial animation_type_block sc_fly_static elementor-invisible elementor-widget elementor-widget-image\" data-id=\"e7e7783\" data-element_type=\"widget\" data-settings=\"{&quot;_position&quot;:&quot;absolute&quot;,&quot;_animation&quot;:&quot;racquet-infinite-rotate&quot;}\" data-widget_type=\"image.default\">\n\t\t\t\t<div class=\"elementor-widget-container\">\n\t\t\t\t\t\t\t\t\t\t\t\t\t<img fetchpriority=\"high\" decoding=\"async\" width=\"400\" height=\"400\" src=\"https:\/\/nk7-testes.com.br\/ct3\/wp-content\/uploads\/2024\/08\/ai-generated-tennis-ball-isolated-on-transparent-background-png.webp\" class=\"attachment-full size-full wp-image-25825\" alt=\"\" srcset=\"https:\/\/nk7-testes.com.br\/ct3\/wp-content\/uploads\/2024\/08\/ai-generated-tennis-ball-isolated-on-transparent-background-png.webp 400w, https:\/\/nk7-testes.com.br\/ct3\/wp-content\/uploads\/2024\/08\/ai-generated-tennis-ball-isolated-on-transparent-background-png-300x300.webp 300w, https:\/\/nk7-testes.com.br\/ct3\/wp-content\/uploads\/2024\/08\/ai-generated-tennis-ball-isolated-on-transparent-background-png-150x150.webp 150w, https:\/\/nk7-testes.com.br\/ct3\/wp-content\/uploads\/2024\/08\/ai-generated-tennis-ball-isolated-on-transparent-background-png-370x370.webp 370w, https:\/\/nk7-testes.com.br\/ct3\/wp-content\/uploads\/2024\/08\/ai-generated-tennis-ball-isolated-on-transparent-background-png-120x120.webp 120w\" sizes=\"(max-width: 600px) 100vw, 400px\" \/>\t\t\t\t\t\t\t\t\t\t\t\t\t<\/div>\n\t\t\t\t<\/div>\n\t\t\t\t\t<\/div>\n\t\t<\/div>\n\t\t\t\t\t<\/div>\n\t\t<\/section>\n\t\t\t\t\t<\/div>\n\t\t<\/div>\n\t\t\t\t<div class=\"elementor-column elementor-col-50 elementor-top-column elementor-element elementor-element-4edbed60 sc_inner_width_none sc_content_align_inherit sc_layouts_column_icons_position_left sc_fly_static\" data-id=\"4edbed60\" data-element_type=\"column\">\n\t\t\t<div class=\"elementor-widget-wrap elementor-element-populated\">\n\t\t\t\t\t\t<div class=\"elementor-element elementor-element-3142690f elementor-widget__width-initial sc_fly_static elementor-widget elementor-widget-trx_sc_title\" data-id=\"3142690f\" data-element_type=\"widget\" data-widget_type=\"trx_sc_title.default\">\n\t\t\t\t<div class=\"elementor-widget-container\">\n\t\t\t<div\t\tclass=\"sc_title sc_title_default\" ><h2 class=\"sc_item_title sc_title_title sc_item_title_style_default sc_item_title_tag\"\n\t\t\t><span class=\"sc_item_title_text\">Adultos<\/span><\/h2><div class=\"sc_item_descr sc_title_descr\"><p>Nossa cl\u00ednica de t\u00eanis para adultos \u00e9 o destino perfeito para aqueles que desejam aprender, aprimorar suas habilidades ou simplesmente desfrutar do emocionante esporte do t\u00eanis em um ambiente acolhedor e amig\u00e1vel.<\/p>\n<p>Aulas Adaptadas: Nossas aulas s\u00e3o cuidadosamente adaptadas para atender \u00e0s necessidades e aos interesses de adultos de todas as idades e n\u00edveis de habilidade. Seja voc\u00ea um iniciante completo ou um jogador experiente, nossos treinadores especializados est\u00e3o aqui para ajud\u00e1-lo a alcan\u00e7ar seus objetivos no t\u00eanis.<\/p>\n<p>Ambiente Inclusivo: Na nossa cl\u00ednica, valorizamos a inclus\u00e3o e a divers\u00e3o. Criamos um ambiente acolhedor onde adultos de todas as habilidades se sintam confort\u00e1veis e confiantes para explorar o mundo do t\u00eanis, fazer novas amizades e se divertir.<\/p>\n<p>Foco no Aprendizado: Nossos treinadores experientes utilizam m\u00e9todos de ensino eficazes e personalizados para garantir que voc\u00ea aproveite ao m\u00e1ximo cada aula. Do b\u00e1sico ao avan\u00e7ado, concentramo-nos em desenvolver suas habilidades t\u00e9cnicas, t\u00e1ticas, f\u00edsicas e mentais no t\u00eanis.<\/p>\n<p>Dias\/Hor\u00e1rio: Aos finais de semana sendo:<\/p>\n<p>S\u00e1bado das 08:00h \u00e0s 18:00h nas quadras 10, 11, 12 e 13.<\/p>\n<p>Domingo das 08:00h \u00e0s 16:00h nas quadras 10, 11, 12 e 13.<\/p>\n<\/div><\/div>\t\t<\/div>\n\t\t\t\t<\/div>\n\t\t\t\t<div class=\"elementor-element elementor-element-18d97ad sc_fly_static elementor-widget elementor-widget-spacer\" data-id=\"18d97ad\" data-element_type=\"widget\" data-widget_type=\"spacer.default\">\n\t\t\t\t<div class=\"elementor-widget-container\">\n\t\t\t\t\t<div class=\"elementor-spacer\">\n\t\t\t<div class=\"elementor-spacer-inner\"><\/div>\n\t\t<\/div>\n\t\t\t\t<\/div>\n\t\t\t\t<\/div>\n\t\t\t\t<div class=\"elementor-element elementor-element-0f19308 elementor-widget__width-initial sc_fly_static elementor-widget elementor-widget-trx_sc_title\" data-id=\"0f19308\" data-element_type=\"widget\" data-widget_type=\"trx_sc_title.default\">\n\t\t\t\t<div class=\"elementor-widget-container\">\n\t\t\t<div\t\tclass=\"sc_title sc_title_default\" ><h2 class=\"sc_item_title sc_title_title sc_item_title_style_default sc_item_title_tag\"\n\t\t\t><span class=\"sc_item_title_text\">Crian\u00e7as<\/span><\/h2><div class=\"sc_item_descr sc_title_descr\"><p>Cl\u00ednica de t\u00eanis para crian\u00e7as \u00e9 um programa de atividade espec\u00edfica destinada a ensinar e desenvolver habilidades de t\u00eanis em crian\u00e7as. Essas cl\u00ednicas s\u00e3o projetadas com foco nas necessidades e na capacidade de aprendizado das crian\u00e7as,proporcionando um ambiente divertido e educativo para introduzi-las ao esporte do t\u00eanis.<\/p>\n<p>As clinicas crian\u00e7as s\u00e3o conduzidas por treinadores especializados em lidar com jovens jogadores, utilizando m\u00e9todos de ensino adequados \u00e0 idade e \u00e0 maturidade das crian\u00e7as. Elas costumam incluir atividades que visam desenvolver habilidades t\u00e9cnicas, como o controle da raquete, golpes b\u00e1sicos (forehand, backhand, saque), movimenta\u00e7\u00e3o na quadra e compreens\u00e3o das regras do jogo.<\/p>\n<p>Al\u00e9m disso, essas cl\u00ednicas tamb\u00e9m podem enfatizar aspectos sociais e emocionais, promovendo valores como trabalho em equipe, respeito pelos outros jogadores e esp\u00edrito esportivo. Muitas vezes, s\u00e3o organizadas em grupos de crian\u00e7as da mesma faixa et\u00e1ria e n\u00edvel de habilidade para garantir uma experi\u00eancia de aprendizado adequada e divertida para todos os participantes.<\/p>\n<p>Em resumo, uma cl\u00ednica de t\u00eanis para crian\u00e7as oferece uma oportunidade valiosa para que os jovens aprendam e se divirtam enquanto desenvolvem suas habilidades no esporte do t\u00eanis.<\/p>\n<p>Dias\/Hor\u00e1rio: Aos finais de semana sendo:<\/p>\n<p>S\u00e1bado das 08:00h \u00e0s 16:00h na quadra 12<\/p>\n<p>Domingo das 11:00h \u00e0s 12:00h na quadra12<\/p>\n<\/div><\/div>\t\t<\/div>\n\t\t\t\t<\/div>\n\t\t\t\t\t<\/div>\n\t\t<\/div>\n\t\t\t\t\t<\/div>\n\t\t<\/section>\n\t\t\t\t<\/div>\n\t\t","protected":false},"excerpt":{"rendered":"<p>Adultos Nossa cl\u00ednica de t\u00eanis para adultos \u00e9 o destino perfeito para aqueles que desejam aprender, aprimorar suas habilidades ou simplesmente desfrutar do emocionante esporte do t\u00eanis em um ambiente&hellip;<\/p>\n","protected":false},"author":1,"featured_media":0,"parent":0,"menu_order":0,"comment_status":"closed","ping_status":"closed","template":"","meta":{"_joinchat":[],"footnotes":""},"class_list":["post-25844","page","type-page","status-publish","hentry"],"yoast_head":"<!-- This site is optimized with the Yoast SEO plugin v23.5 - https:\/\/yoast.com\/wordpress\/plugins\/seo\/ -->\n<title>Cl\u00ednica - Cooper T\u00eanis<\/title>\n<meta name=\"robots\" content=\"index, follow, max-snippet:-1, max-image-preview:large, max-video-preview:-1\" \/>\n<link rel=\"canonical\" href=\"https:\/\/nk7-testes.com.br\/ct3\/clinica\/\" \/>\n<meta property=\"og:locale\" content=\"pt_BR\" \/>\n<meta property=\"og:type\" content=\"article\" \/>\n<meta property=\"og:title\" content=\"Cl\u00ednica - Cooper T\u00eanis\" \/>\n<meta property=\"og:description\" content=\"Adultos Nossa cl\u00ednica de t\u00eanis para adultos \u00e9 o destino perfeito para aqueles que desejam aprender, aprimorar suas habilidades ou simplesmente desfrutar do emocionante esporte do t\u00eanis em um ambiente&hellip;\" \/>\n<meta property=\"og:url\" content=\"https:\/\/nk7-testes.com.br\/ct3\/clinica\/\" \/>\n<meta property=\"og:site_name\" content=\"Cooper T\u00eanis\" \/>\n<meta property=\"article:modified_time\" content=\"2024-08-16T23:58:53+00:00\" \/>\n<meta property=\"og:image\" content=\"https:\/\/nk7-testes.com.br\/ct3\/wp-content\/uploads\/elementor\/thumbs\/83_1-2-copyright-qpxxi660wwfi6qv3l385msr8le32fuwoh61s4nylk8.jpg\" \/>\n<meta name=\"twitter:card\" content=\"summary_large_image\" \/>\n<meta name=\"twitter:label1\" content=\"Est. tempo de leitura\" \/>\n\t<meta name=\"twitter:data1\" content=\"2 minutos\" \/>\n<script type=\"application\/ld+json\" class=\"yoast-schema-graph\">{\"@context\":\"https:\/\/schema.org\",\"@graph\":[{\"@type\":\"WebPage\",\"@id\":\"https:\/\/nk7-testes.com.br\/ct3\/clinica\/\",\"url\":\"https:\/\/nk7-testes.com.br\/ct3\/clinica\/\",\"name\":\"Cl\u00ednica - Cooper T\u00eanis\",\"isPartOf\":{\"@id\":\"https:\/\/nk7-testes.com.br\/ct3\/#website\"},\"primaryImageOfPage\":{\"@id\":\"https:\/\/nk7-testes.com.br\/ct3\/clinica\/#primaryimage\"},\"image\":{\"@id\":\"https:\/\/nk7-testes.com.br\/ct3\/clinica\/#primaryimage\"},\"thumbnailUrl\":\"https:\/\/nk7-testes.com.br\/ct3\/wp-content\/uploads\/elementor\/thumbs\/83_1-2-copyright-qpxxi660wwfi6qv3l385msr8le32fuwoh61s4nylk8.jpg\",\"datePublished\":\"2024-08-16T23:33:07+00:00\",\"dateModified\":\"2024-08-16T23:58:53+00:00\",\"breadcrumb\":{\"@id\":\"https:\/\/nk7-testes.com.br\/ct3\/clinica\/#breadcrumb\"},\"inLanguage\":\"pt-BR\",\"potentialAction\":[{\"@type\":\"ReadAction\",\"target\":[\"https:\/\/nk7-testes.com.br\/ct3\/clinica\/\"]}]},{\"@type\":\"ImageObject\",\"inLanguage\":\"pt-BR\",\"@id\":\"https:\/\/nk7-testes.com.br\/ct3\/clinica\/#primaryimage\",\"url\":\"https:\/\/nk7-testes.com.br\/ct3\/wp-content\/uploads\/elementor\/thumbs\/83_1-2-copyright-qpxxi660wwfi6qv3l385msr8le32fuwoh61s4nylk8.jpg\",\"contentUrl\":\"https:\/\/nk7-testes.com.br\/ct3\/wp-content\/uploads\/elementor\/thumbs\/83_1-2-copyright-qpxxi660wwfi6qv3l385msr8le32fuwoh61s4nylk8.jpg\"},{\"@type\":\"BreadcrumbList\",\"@id\":\"https:\/\/nk7-testes.com.br\/ct3\/clinica\/#breadcrumb\",\"itemListElement\":[{\"@type\":\"ListItem\",\"position\":1,\"name\":\"In\u00edcio\",\"item\":\"https:\/\/nk7-testes.com.br\/ct3\/\"},{\"@type\":\"ListItem\",\"position\":2,\"name\":\"Cl\u00ednica\"}]},{\"@type\":\"WebSite\",\"@id\":\"https:\/\/nk7-testes.com.br\/ct3\/#website\",\"url\":\"https:\/\/nk7-testes.com.br\/ct3\/\",\"name\":\"Cooper T\u00eanis\",\"description\":\"BEM-VINDO(A) AO DEPARTAMENTO DE T\u00caNIS DO COOPER\",\"publisher\":{\"@id\":\"https:\/\/nk7-testes.com.br\/ct3\/#organization\"},\"potentialAction\":[{\"@type\":\"SearchAction\",\"target\":{\"@type\":\"EntryPoint\",\"urlTemplate\":\"https:\/\/nk7-testes.com.br\/ct3\/?s={search_term_string}\"},\"query-input\":{\"@type\":\"PropertyValueSpecification\",\"valueRequired\":true,\"valueName\":\"search_term_string\"}}],\"inLanguage\":\"pt-BR\"},{\"@type\":\"Organization\",\"@id\":\"https:\/\/nk7-testes.com.br\/ct3\/#organization\",\"name\":\"Cooper T\u00eanis\",\"url\":\"https:\/\/nk7-testes.com.br\/ct3\/\",\"logo\":{\"@type\":\"ImageObject\",\"inLanguage\":\"pt-BR\",\"@id\":\"https:\/\/nk7-testes.com.br\/ct3\/#\/schema\/logo\/image\/\",\"url\":\"https:\/\/nk7-testes.com.br\/ct3\/wp-content\/uploads\/2024\/05\/LOGOCOOPERTENIS-1.png\",\"contentUrl\":\"https:\/\/nk7-testes.com.br\/ct3\/wp-content\/uploads\/2024\/05\/LOGOCOOPERTENIS-1.png\",\"width\":500,\"height\":210,\"caption\":\"Cooper T\u00eanis\"},\"image\":{\"@id\":\"https:\/\/nk7-testes.com.br\/ct3\/#\/schema\/logo\/image\/\"}}]}<\/script>\n<!-- \/ Yoast SEO plugin. -->","yoast_head_json":{"title":"Cl\u00ednica - Cooper T\u00eanis","robots":{"index":"index","follow":"follow","max-snippet":"max-snippet:-1","max-image-preview":"max-image-preview:large","max-video-preview":"max-video-preview:-1"},"canonical":"https:\/\/nk7-testes.com.br\/ct3\/clinica\/","og_locale":"pt_BR","og_type":"article","og_title":"Cl\u00ednica - Cooper T\u00eanis","og_description":"Adultos Nossa cl\u00ednica de t\u00eanis para adultos \u00e9 o destino perfeito para aqueles que desejam aprender, aprimorar suas habilidades ou simplesmente desfrutar do emocionante esporte do t\u00eanis em um ambiente&hellip;","og_url":"https:\/\/nk7-testes.com.br\/ct3\/clinica\/","og_site_name":"Cooper T\u00eanis","article_modified_time":"2024-08-16T23:58:53+00:00","og_image":[{"url":"https:\/\/nk7-testes.com.br\/ct3\/wp-content\/uploads\/elementor\/thumbs\/83_1-2-copyright-qpxxi660wwfi6qv3l385msr8le32fuwoh61s4nylk8.jpg"}],"twitter_card":"summary_large_image","twitter_misc":{"Est. tempo de leitura":"2 minutos"},"schema":{"@context":"https:\/\/schema.org","@graph":[{"@type":"WebPage","@id":"https:\/\/nk7-testes.com.br\/ct3\/clinica\/","url":"https:\/\/nk7-testes.com.br\/ct3\/clinica\/","name":"Cl\u00ednica - Cooper T\u00eanis","isPartOf":{"@id":"https:\/\/nk7-testes.com.br\/ct3\/#website"},"primaryImageOfPage":{"@id":"https:\/\/nk7-testes.com.br\/ct3\/clinica\/#primaryimage"},"image":{"@id":"https:\/\/nk7-testes.com.br\/ct3\/clinica\/#primaryimage"},"thumbnailUrl":"https:\/\/nk7-testes.com.br\/ct3\/wp-content\/uploads\/elementor\/thumbs\/83_1-2-copyright-qpxxi660wwfi6qv3l385msr8le32fuwoh61s4nylk8.jpg","datePublished":"2024-08-16T23:33:07+00:00","dateModified":"2024-08-16T23:58:53+00:00","breadcrumb":{"@id":"https:\/\/nk7-testes.com.br\/ct3\/clinica\/#breadcrumb"},"inLanguage":"pt-BR","potentialAction":[{"@type":"ReadAction","target":["https:\/\/nk7-testes.com.br\/ct3\/clinica\/"]}]},{"@type":"ImageObject","inLanguage":"pt-BR","@id":"https:\/\/nk7-testes.com.br\/ct3\/clinica\/#primaryimage","url":"https:\/\/nk7-testes.com.br\/ct3\/wp-content\/uploads\/elementor\/thumbs\/83_1-2-copyright-qpxxi660wwfi6qv3l385msr8le32fuwoh61s4nylk8.jpg","contentUrl":"https:\/\/nk7-testes.com.br\/ct3\/wp-content\/uploads\/elementor\/thumbs\/83_1-2-copyright-qpxxi660wwfi6qv3l385msr8le32fuwoh61s4nylk8.jpg"},{"@type":"BreadcrumbList","@id":"https:\/\/nk7-testes.com.br\/ct3\/clinica\/#breadcrumb","itemListElement":[{"@type":"ListItem","position":1,"name":"In\u00edcio","item":"https:\/\/nk7-testes.com.br\/ct3\/"},{"@type":"ListItem","position":2,"name":"Cl\u00ednica"}]},{"@type":"WebSite","@id":"https:\/\/nk7-testes.com.br\/ct3\/#website","url":"https:\/\/nk7-testes.com.br\/ct3\/","name":"Cooper T\u00eanis","description":"BEM-VINDO(A) AO DEPARTAMENTO DE T\u00caNIS DO COOPER","publisher":{"@id":"https:\/\/nk7-testes.com.br\/ct3\/#organization"},"potentialAction":[{"@type":"SearchAction","target":{"@type":"EntryPoint","urlTemplate":"https:\/\/nk7-testes.com.br\/ct3\/?s={search_term_string}"},"query-input":{"@type":"PropertyValueSpecification","valueRequired":true,"valueName":"search_term_string"}}],"inLanguage":"pt-BR"},{"@type":"Organization","@id":"https:\/\/nk7-testes.com.br\/ct3\/#organization","name":"Cooper T\u00eanis","url":"https:\/\/nk7-testes.com.br\/ct3\/","logo":{"@type":"ImageObject","inLanguage":"pt-BR","@id":"https:\/\/nk7-testes.com.br\/ct3\/#\/schema\/logo\/image\/","url":"https:\/\/nk7-testes.com.br\/ct3\/wp-content\/uploads\/2024\/05\/LOGOCOOPERTENIS-1.png","contentUrl":"https:\/\/nk7-testes.com.br\/ct3\/wp-content\/uploads\/2024\/05\/LOGOCOOPERTENIS-1.png","width":500,"height":210,"caption":"Cooper T\u00eanis"},"image":{"@id":"https:\/\/nk7-testes.com.br\/ct3\/#\/schema\/logo\/image\/"}}]}},"_links":{"self":[{"href":"https:\/\/nk7-testes.com.br\/ct3\/wp-json\/wp\/v2\/pages\/25844","targetHints":{"allow":["GET"]}}],"collection":[{"href":"https:\/\/nk7-testes.com.br\/ct3\/wp-json\/wp\/v2\/pages"}],"about":[{"href":"https:\/\/nk7-testes.com.br\/ct3\/wp-json\/wp\/v2\/types\/page"}],"author":[{"embeddable":true,"href":"https:\/\/nk7-testes.com.br\/ct3\/wp-json\/wp\/v2\/users\/1"}],"replies":[{"embeddable":true,"href":"https:\/\/nk7-testes.com.br\/ct3\/wp-json\/wp\/v2\/comments?post=25844"}],"version-history":[{"count":7,"href":"https:\/\/nk7-testes.com.br\/ct3\/wp-json\/wp\/v2\/pages\/25844\/revisions"}],"predecessor-version":[{"id":25879,"href":"https:\/\/nk7-testes.com.br\/ct3\/wp-json\/wp\/v2\/pages\/25844\/revisions\/25879"}],"wp:attachment":[{"href":"https:\/\/nk7-testes.com.br\/ct3\/wp-json\/wp\/v2\/media?parent=25844"}],"curies":[{"name":"wp","href":"https:\/\/api.w.org\/{rel}","templated":true}]}}