{"id":25833,"date":"2024-08-16T23:22:40","date_gmt":"2024-08-16T23:22:40","guid":{"rendered":"https:\/\/nk7-testes.com.br\/ct3\/?page_id=25833"},"modified":"2024-08-16T23:39:31","modified_gmt":"2024-08-16T23:39:31","slug":"treinamento-competitivo","status":"publish","type":"page","link":"https:\/\/nk7-testes.com.br\/ct3\/treinamento-competitivo\/","title":{"rendered":"Treinamento Competitivo"},"content":{"rendered":"\t\t<div data-elementor-type=\"wp-page\" data-elementor-id=\"25833\" class=\"elementor elementor-25833\" data-elementor-post-type=\"page\">\n\t\t\t\t\t\t<section class=\"elementor-section elementor-top-section elementor-element elementor-element-552a975 scheme_light elementor-section-boxed elementor-section-height-default elementor-section-height-default sc_fly_static\" data-id=\"552a975\" data-element_type=\"section\" data-settings=\"{&quot;background_background&quot;:&quot;classic&quot;}\">\n\t\t\t\t\t\t<div class=\"elementor-container elementor-column-gap-extended\">\n\t\t\t\t\t<div class=\"elementor-column elementor-col-100 elementor-top-column elementor-element elementor-element-0909cd4 sc_inner_width_none sc_content_align_inherit sc_layouts_column_icons_position_left sc_fly_static\" data-id=\"0909cd4\" data-element_type=\"column\">\n\t\t\t<div class=\"elementor-widget-wrap elementor-element-populated\">\n\t\t\t\t\t\t<div class=\"elementor-element elementor-element-5c70834 sc_height_huge sc_fly_static elementor-widget elementor-widget-spacer\" data-id=\"5c70834\" data-element_type=\"widget\" data-widget_type=\"spacer.default\">\n\t\t\t\t<div class=\"elementor-widget-container\">\n\t\t\t<style>\/*! elementor - v3.22.0 - 17-06-2024 *\/\n.elementor-column .elementor-spacer-inner{height:var(--spacer-size)}.e-con{--container-widget-width:100%}.e-con-inner>.elementor-widget-spacer,.e-con>.elementor-widget-spacer{width:var(--container-widget-width,var(--spacer-size));--align-self:var(--container-widget-align-self,initial);--flex-shrink:0}.e-con-inner>.elementor-widget-spacer>.elementor-widget-container,.e-con>.elementor-widget-spacer>.elementor-widget-container{height:100%;width:100%}.e-con-inner>.elementor-widget-spacer>.elementor-widget-container>.elementor-spacer,.e-con>.elementor-widget-spacer>.elementor-widget-container>.elementor-spacer{height:100%}.e-con-inner>.elementor-widget-spacer>.elementor-widget-container>.elementor-spacer>.elementor-spacer-inner,.e-con>.elementor-widget-spacer>.elementor-widget-container>.elementor-spacer>.elementor-spacer-inner{height:var(--container-widget-height,var(--spacer-size))}.e-con-inner>.elementor-widget-spacer.elementor-widget-empty,.e-con>.elementor-widget-spacer.elementor-widget-empty{position:relative;min-height:22px;min-width:22px}.e-con-inner>.elementor-widget-spacer.elementor-widget-empty .elementor-widget-empty-icon,.e-con>.elementor-widget-spacer.elementor-widget-empty .elementor-widget-empty-icon{position:absolute;top:0;bottom:0;left:0;right:0;margin:auto;padding:0;width:22px;height:22px}<\/style>\t\t<div class=\"elementor-spacer\">\n\t\t\t<div class=\"elementor-spacer-inner\"><\/div>\n\t\t<\/div>\n\t\t\t\t<\/div>\n\t\t\t\t<\/div>\n\t\t\t\t\t<\/div>\n\t\t<\/div>\n\t\t\t\t\t<\/div>\n\t\t<\/section>\n\t\t\t\t<section class=\"elementor-section elementor-top-section elementor-element elementor-element-4b2cdd57 elementor-section-boxed elementor-section-height-default elementor-section-height-default sc_fly_static\" data-id=\"4b2cdd57\" data-element_type=\"section\" data-settings=\"{&quot;background_background&quot;:&quot;classic&quot;}\">\n\t\t\t\t\t\t<div class=\"elementor-container elementor-column-gap-extended\">\n\t\t\t\t\t<div class=\"elementor-column elementor-col-50 elementor-top-column elementor-element elementor-element-38994460 sc_inner_width_none sc_content_align_inherit sc_layouts_column_icons_position_left sc_fly_static\" data-id=\"38994460\" data-element_type=\"column\">\n\t\t\t<div class=\"elementor-widget-wrap elementor-element-populated\">\n\t\t\t\t\t\t<section class=\"elementor-section elementor-inner-section elementor-element elementor-element-3a8d77d4 elementor-section-boxed elementor-section-height-default elementor-section-height-default sc_fly_static\" data-id=\"3a8d77d4\" data-element_type=\"section\">\n\t\t\t\t\t\t<div class=\"elementor-container elementor-column-gap-no\">\n\t\t\t\t\t<div class=\"elementor-column elementor-col-100 elementor-inner-column elementor-element elementor-element-4cafc97b sc_inner_width_none sc_content_align_inherit sc_layouts_column_icons_position_left sc_fly_static\" data-id=\"4cafc97b\" data-element_type=\"column\">\n\t\t\t<div class=\"elementor-widget-wrap elementor-element-populated\">\n\t\t\t\t\t\t<div class=\"elementor-element elementor-element-43a26dc5 no-title animation_type_block sc_fly_static elementor-invisible elementor-widget elementor-widget-image\" data-id=\"43a26dc5\" data-element_type=\"widget\" data-settings=\"{&quot;_animation&quot;:&quot;racquet-fadeinup&quot;}\" data-widget_type=\"image.default\">\n\t\t\t\t<div class=\"elementor-widget-container\">\n\t\t\t<style>\/*! elementor - v3.22.0 - 17-06-2024 *\/\n.elementor-widget-image{text-align:center}.elementor-widget-image a{display:inline-block}.elementor-widget-image a img[src$=\".svg\"]{width:48px}.elementor-widget-image img{vertical-align:middle;display:inline-block}<\/style>\t\t\t\t\t\t\t\t\t\t<img decoding=\"async\" src=\"https:\/\/nk7-testes.com.br\/ct3\/wp-content\/uploads\/elementor\/thumbs\/competitivo-qv50gkefr1p1goilukc6armd7tik98xiesz7kihc2u.jpg\" title=\"competitivo\" alt=\"competitivo\" loading=\"lazy\" \/>\t\t\t\t\t\t\t\t\t\t\t\t\t<\/div>\n\t\t\t\t<\/div>\n\t\t\t\t<div class=\"elementor-element elementor-element-e7e7783 elementor-widget__width-initial elementor-absolute elementor-widget-mobile__width-initial elementor-widget-tablet__width-initial animation_type_block sc_fly_static elementor-invisible elementor-widget elementor-widget-image\" data-id=\"e7e7783\" data-element_type=\"widget\" data-settings=\"{&quot;_position&quot;:&quot;absolute&quot;,&quot;_animation&quot;:&quot;racquet-infinite-rotate&quot;}\" data-widget_type=\"image.default\">\n\t\t\t\t<div class=\"elementor-widget-container\">\n\t\t\t\t\t\t\t\t\t\t\t\t\t<img fetchpriority=\"high\" decoding=\"async\" width=\"400\" height=\"400\" src=\"https:\/\/nk7-testes.com.br\/ct3\/wp-content\/uploads\/2024\/08\/ai-generated-tennis-ball-isolated-on-transparent-background-png.webp\" class=\"attachment-full size-full wp-image-25825\" alt=\"\" srcset=\"https:\/\/nk7-testes.com.br\/ct3\/wp-content\/uploads\/2024\/08\/ai-generated-tennis-ball-isolated-on-transparent-background-png.webp 400w, https:\/\/nk7-testes.com.br\/ct3\/wp-content\/uploads\/2024\/08\/ai-generated-tennis-ball-isolated-on-transparent-background-png-300x300.webp 300w, https:\/\/nk7-testes.com.br\/ct3\/wp-content\/uploads\/2024\/08\/ai-generated-tennis-ball-isolated-on-transparent-background-png-150x150.webp 150w, https:\/\/nk7-testes.com.br\/ct3\/wp-content\/uploads\/2024\/08\/ai-generated-tennis-ball-isolated-on-transparent-background-png-370x370.webp 370w, https:\/\/nk7-testes.com.br\/ct3\/wp-content\/uploads\/2024\/08\/ai-generated-tennis-ball-isolated-on-transparent-background-png-120x120.webp 120w\" sizes=\"(max-width: 600px) 100vw, 400px\" \/>\t\t\t\t\t\t\t\t\t\t\t\t\t<\/div>\n\t\t\t\t<\/div>\n\t\t\t\t\t<\/div>\n\t\t<\/div>\n\t\t\t\t\t<\/div>\n\t\t<\/section>\n\t\t\t\t\t<\/div>\n\t\t<\/div>\n\t\t\t\t<div class=\"elementor-column elementor-col-50 elementor-top-column elementor-element elementor-element-4edbed60 sc_inner_width_none sc_content_align_inherit sc_layouts_column_icons_position_left sc_fly_static\" data-id=\"4edbed60\" data-element_type=\"column\">\n\t\t\t<div class=\"elementor-widget-wrap elementor-element-populated\">\n\t\t\t\t\t\t<div class=\"elementor-element elementor-element-3142690f elementor-widget__width-initial sc_fly_static elementor-widget elementor-widget-trx_sc_title\" data-id=\"3142690f\" data-element_type=\"widget\" data-widget_type=\"trx_sc_title.default\">\n\t\t\t\t<div class=\"elementor-widget-container\">\n\t\t\t<div\t\tclass=\"sc_title sc_title_default\" ><h2 class=\"sc_item_title sc_title_title sc_item_title_style_default sc_item_title_tag\"\n\t\t\t><span class=\"sc_item_title_text\">Treinamento Competitivo de T\u00eanis para Jogadores Avan\u00e7ados com Foco em Competi\u00e7\u00f5es de Alto N\u00edvel<\/span><\/h2><div class=\"sc_item_descr sc_title_descr\"><p>O treinamento competitivo de t\u00eanis \u00e9 um programa de treinamento intensivo e focado em preparar os jogadores para competi\u00e7\u00f5es de alto n\u00edvel dentro do esporte do t\u00eanis. Este tipo de treinamento \u00e9 direcionado a jogadores mais avan\u00e7ados que t\u00eam ambi\u00e7\u00f5es de competir em n\u00edveis regionais, nacionais ou internacionais.\u00a0<\/p>\n<p>Durante o treinamento competitivo de t\u00eanis, os jogadores trabalham n\u00e3o apenas em aprimorar suas habilidades t\u00e9cnicas, como golpes de base, voleios, saques, entre outros, mas tamb\u00e9m em aspectos t\u00e1ticos, f\u00edsicos e mentais do jogo. Isso inclui estrat\u00e9gias de jogo, condicionamento f\u00edsico espec\u00edfico para o t\u00eanis, prepara\u00e7\u00e3o mental para competi\u00e7\u00f5es e an\u00e1lise de v\u00eddeo para identificar \u00e1reas de melhoria.\u00a0<\/p>\n<p>Os treinadores e instrutores que lideram o treinamento competitivo t\u00eam experi\u00eancia significativa no esporte, com conhecimento especializado no desenvolvimento de jogadores competitivos.\u00a0<\/p>\n<p>O treinamento competitivo de t\u00eanis tamb\u00e9m envolve participa\u00e7\u00e3o frequente em torneios e competi\u00e7\u00f5es, proporcionando aos jogadores experi\u00eancia pr\u00e1tica em ambiente competitivo e ajudando-os a desenvolver habilidades de jogo sob press\u00e3o.\u00a0<\/p>\n<p>Em resumo, o treinamento competitivo de t\u00eanis \u00e9 um programa intensivo projetado para preparar jogadores talentosos para competir em alto n\u00edvel dentro do esporte do t\u00eanis, fornecendo treinamento t\u00e9cnico, t\u00e1tico, f\u00edsico e mental abrangente e oportunidades para competir em torneios e eventos relevantes.\u00a0<\/p>\n<\/div><\/div>\t\t<\/div>\n\t\t\t\t<\/div>\n\t\t\t\t<div class=\"elementor-element elementor-element-4b9d019 sc_height_small sc_fly_static elementor-widget elementor-widget-spacer\" data-id=\"4b9d019\" data-element_type=\"widget\" data-widget_type=\"spacer.default\">\n\t\t\t\t<div class=\"elementor-widget-container\">\n\t\t\t\t\t<div class=\"elementor-spacer\">\n\t\t\t<div class=\"elementor-spacer-inner\"><\/div>\n\t\t<\/div>\n\t\t\t\t<\/div>\n\t\t\t\t<\/div>\n\t\t\t\t<div class=\"elementor-element elementor-element-6ccbcf14 sc_height_huge sc_layouts_hide_on_tablet sc_layouts_hide_on_mobile sc_fly_static elementor-widget elementor-widget-spacer\" data-id=\"6ccbcf14\" data-element_type=\"widget\" data-widget_type=\"spacer.default\">\n\t\t\t\t<div class=\"elementor-widget-container\">\n\t\t\t\t\t<div class=\"elementor-spacer\">\n\t\t\t<div class=\"elementor-spacer-inner\"><\/div>\n\t\t<\/div>\n\t\t\t\t<\/div>\n\t\t\t\t<\/div>\n\t\t\t\t\t<\/div>\n\t\t<\/div>\n\t\t\t\t\t<\/div>\n\t\t<\/section>\n\t\t\t\t<section class=\"elementor-section elementor-top-section elementor-element elementor-element-e0121c2 scheme_light elementor-section-boxed elementor-section-height-default elementor-section-height-default sc_fly_static\" data-id=\"e0121c2\" data-element_type=\"section\" data-settings=\"{&quot;background_background&quot;:&quot;classic&quot;}\">\n\t\t\t\t\t\t<div class=\"elementor-container elementor-column-gap-extended\">\n\t\t\t\t\t<div class=\"elementor-column elementor-col-100 elementor-top-column elementor-element elementor-element-00d0c81 sc_inner_width_none sc_content_align_inherit sc_layouts_column_icons_position_left sc_fly_static\" data-id=\"00d0c81\" data-element_type=\"column\">\n\t\t\t<div class=\"elementor-widget-wrap elementor-element-populated\">\n\t\t\t\t\t\t<div class=\"elementor-element elementor-element-2a57b99 sc_height_huge sc_fly_static elementor-widget elementor-widget-spacer\" data-id=\"2a57b99\" data-element_type=\"widget\" data-widget_type=\"spacer.default\">\n\t\t\t\t<div class=\"elementor-widget-container\">\n\t\t\t\t\t<div class=\"elementor-spacer\">\n\t\t\t<div class=\"elementor-spacer-inner\"><\/div>\n\t\t<\/div>\n\t\t\t\t<\/div>\n\t\t\t\t<\/div>\n\t\t\t\t\t<\/div>\n\t\t<\/div>\n\t\t\t\t\t<\/div>\n\t\t<\/section>\n\t\t\t\t<\/div>\n\t\t","protected":false},"excerpt":{"rendered":"<p>Treinamento Competitivo de T\u00eanis para Jogadores Avan\u00e7ados com Foco em Competi\u00e7\u00f5es de Alto N\u00edvel O treinamento competitivo de t\u00eanis \u00e9 um programa de treinamento intensivo e focado em preparar os&hellip;<\/p>\n","protected":false},"author":1,"featured_media":0,"parent":0,"menu_order":0,"comment_status":"closed","ping_status":"closed","template":"","meta":{"_joinchat":[],"footnotes":""},"class_list":["post-25833","page","type-page","status-publish","hentry"],"yoast_head":"<!-- This site is optimized with the Yoast SEO plugin v23.5 - https:\/\/yoast.com\/wordpress\/plugins\/seo\/ -->\n<title>Treinamento Competitivo - Cooper T\u00eanis<\/title>\n<meta name=\"robots\" content=\"index, follow, max-snippet:-1, max-image-preview:large, max-video-preview:-1\" \/>\n<link rel=\"canonical\" href=\"https:\/\/nk7-testes.com.br\/ct3\/treinamento-competitivo\/\" \/>\n<meta property=\"og:locale\" content=\"pt_BR\" \/>\n<meta property=\"og:type\" content=\"article\" \/>\n<meta property=\"og:title\" content=\"Treinamento Competitivo - Cooper T\u00eanis\" \/>\n<meta property=\"og:description\" content=\"Treinamento Competitivo de T\u00eanis para Jogadores Avan\u00e7ados com Foco em Competi\u00e7\u00f5es de Alto N\u00edvel O treinamento competitivo de t\u00eanis \u00e9 um programa de treinamento intensivo e focado em preparar os&hellip;\" \/>\n<meta property=\"og:url\" content=\"https:\/\/nk7-testes.com.br\/ct3\/treinamento-competitivo\/\" \/>\n<meta property=\"og:site_name\" content=\"Cooper T\u00eanis\" \/>\n<meta property=\"article:modified_time\" content=\"2024-08-16T23:39:31+00:00\" \/>\n<meta property=\"og:image\" content=\"https:\/\/nk7-testes.com.br\/ct3\/wp-content\/uploads\/elementor\/thumbs\/competitivo-qpxxjfaa0y59o11k9mq8yhdd3vwopbvsndd35y3peu.jpg\" \/>\n<meta name=\"twitter:card\" content=\"summary_large_image\" \/>\n<meta name=\"twitter:label1\" content=\"Est. tempo de leitura\" \/>\n\t<meta name=\"twitter:data1\" content=\"1 minuto\" \/>\n<script type=\"application\/ld+json\" class=\"yoast-schema-graph\">{\"@context\":\"https:\/\/schema.org\",\"@graph\":[{\"@type\":\"WebPage\",\"@id\":\"https:\/\/nk7-testes.com.br\/ct3\/treinamento-competitivo\/\",\"url\":\"https:\/\/nk7-testes.com.br\/ct3\/treinamento-competitivo\/\",\"name\":\"Treinamento Competitivo - Cooper T\u00eanis\",\"isPartOf\":{\"@id\":\"https:\/\/nk7-testes.com.br\/ct3\/#website\"},\"primaryImageOfPage\":{\"@id\":\"https:\/\/nk7-testes.com.br\/ct3\/treinamento-competitivo\/#primaryimage\"},\"image\":{\"@id\":\"https:\/\/nk7-testes.com.br\/ct3\/treinamento-competitivo\/#primaryimage\"},\"thumbnailUrl\":\"https:\/\/nk7-testes.com.br\/ct3\/wp-content\/uploads\/elementor\/thumbs\/competitivo-qpxxjfaa0y59o11k9mq8yhdd3vwopbvsndd35y3peu.jpg\",\"datePublished\":\"2024-08-16T23:22:40+00:00\",\"dateModified\":\"2024-08-16T23:39:31+00:00\",\"breadcrumb\":{\"@id\":\"https:\/\/nk7-testes.com.br\/ct3\/treinamento-competitivo\/#breadcrumb\"},\"inLanguage\":\"pt-BR\",\"potentialAction\":[{\"@type\":\"ReadAction\",\"target\":[\"https:\/\/nk7-testes.com.br\/ct3\/treinamento-competitivo\/\"]}]},{\"@type\":\"ImageObject\",\"inLanguage\":\"pt-BR\",\"@id\":\"https:\/\/nk7-testes.com.br\/ct3\/treinamento-competitivo\/#primaryimage\",\"url\":\"https:\/\/nk7-testes.com.br\/ct3\/wp-content\/uploads\/elementor\/thumbs\/competitivo-qpxxjfaa0y59o11k9mq8yhdd3vwopbvsndd35y3peu.jpg\",\"contentUrl\":\"https:\/\/nk7-testes.com.br\/ct3\/wp-content\/uploads\/elementor\/thumbs\/competitivo-qpxxjfaa0y59o11k9mq8yhdd3vwopbvsndd35y3peu.jpg\"},{\"@type\":\"BreadcrumbList\",\"@id\":\"https:\/\/nk7-testes.com.br\/ct3\/treinamento-competitivo\/#breadcrumb\",\"itemListElement\":[{\"@type\":\"ListItem\",\"position\":1,\"name\":\"In\u00edcio\",\"item\":\"https:\/\/nk7-testes.com.br\/ct3\/\"},{\"@type\":\"ListItem\",\"position\":2,\"name\":\"Treinamento Competitivo\"}]},{\"@type\":\"WebSite\",\"@id\":\"https:\/\/nk7-testes.com.br\/ct3\/#website\",\"url\":\"https:\/\/nk7-testes.com.br\/ct3\/\",\"name\":\"Cooper T\u00eanis\",\"description\":\"BEM-VINDO(A) AO DEPARTAMENTO DE T\u00caNIS DO COOPER\",\"publisher\":{\"@id\":\"https:\/\/nk7-testes.com.br\/ct3\/#organization\"},\"potentialAction\":[{\"@type\":\"SearchAction\",\"target\":{\"@type\":\"EntryPoint\",\"urlTemplate\":\"https:\/\/nk7-testes.com.br\/ct3\/?s={search_term_string}\"},\"query-input\":{\"@type\":\"PropertyValueSpecification\",\"valueRequired\":true,\"valueName\":\"search_term_string\"}}],\"inLanguage\":\"pt-BR\"},{\"@type\":\"Organization\",\"@id\":\"https:\/\/nk7-testes.com.br\/ct3\/#organization\",\"name\":\"Cooper T\u00eanis\",\"url\":\"https:\/\/nk7-testes.com.br\/ct3\/\",\"logo\":{\"@type\":\"ImageObject\",\"inLanguage\":\"pt-BR\",\"@id\":\"https:\/\/nk7-testes.com.br\/ct3\/#\/schema\/logo\/image\/\",\"url\":\"https:\/\/nk7-testes.com.br\/ct3\/wp-content\/uploads\/2024\/05\/LOGOCOOPERTENIS-1.png\",\"contentUrl\":\"https:\/\/nk7-testes.com.br\/ct3\/wp-content\/uploads\/2024\/05\/LOGOCOOPERTENIS-1.png\",\"width\":500,\"height\":210,\"caption\":\"Cooper T\u00eanis\"},\"image\":{\"@id\":\"https:\/\/nk7-testes.com.br\/ct3\/#\/schema\/logo\/image\/\"}}]}<\/script>\n<!-- \/ Yoast SEO plugin. -->","yoast_head_json":{"title":"Treinamento Competitivo - Cooper T\u00eanis","robots":{"index":"index","follow":"follow","max-snippet":"max-snippet:-1","max-image-preview":"max-image-preview:large","max-video-preview":"max-video-preview:-1"},"canonical":"https:\/\/nk7-testes.com.br\/ct3\/treinamento-competitivo\/","og_locale":"pt_BR","og_type":"article","og_title":"Treinamento Competitivo - Cooper T\u00eanis","og_description":"Treinamento Competitivo de T\u00eanis para Jogadores Avan\u00e7ados com Foco em Competi\u00e7\u00f5es de Alto N\u00edvel O treinamento competitivo de t\u00eanis \u00e9 um programa de treinamento intensivo e focado em preparar os&hellip;","og_url":"https:\/\/nk7-testes.com.br\/ct3\/treinamento-competitivo\/","og_site_name":"Cooper T\u00eanis","article_modified_time":"2024-08-16T23:39:31+00:00","og_image":[{"url":"https:\/\/nk7-testes.com.br\/ct3\/wp-content\/uploads\/elementor\/thumbs\/competitivo-qpxxjfaa0y59o11k9mq8yhdd3vwopbvsndd35y3peu.jpg"}],"twitter_card":"summary_large_image","twitter_misc":{"Est. tempo de leitura":"1 minuto"},"schema":{"@context":"https:\/\/schema.org","@graph":[{"@type":"WebPage","@id":"https:\/\/nk7-testes.com.br\/ct3\/treinamento-competitivo\/","url":"https:\/\/nk7-testes.com.br\/ct3\/treinamento-competitivo\/","name":"Treinamento Competitivo - Cooper T\u00eanis","isPartOf":{"@id":"https:\/\/nk7-testes.com.br\/ct3\/#website"},"primaryImageOfPage":{"@id":"https:\/\/nk7-testes.com.br\/ct3\/treinamento-competitivo\/#primaryimage"},"image":{"@id":"https:\/\/nk7-testes.com.br\/ct3\/treinamento-competitivo\/#primaryimage"},"thumbnailUrl":"https:\/\/nk7-testes.com.br\/ct3\/wp-content\/uploads\/elementor\/thumbs\/competitivo-qpxxjfaa0y59o11k9mq8yhdd3vwopbvsndd35y3peu.jpg","datePublished":"2024-08-16T23:22:40+00:00","dateModified":"2024-08-16T23:39:31+00:00","breadcrumb":{"@id":"https:\/\/nk7-testes.com.br\/ct3\/treinamento-competitivo\/#breadcrumb"},"inLanguage":"pt-BR","potentialAction":[{"@type":"ReadAction","target":["https:\/\/nk7-testes.com.br\/ct3\/treinamento-competitivo\/"]}]},{"@type":"ImageObject","inLanguage":"pt-BR","@id":"https:\/\/nk7-testes.com.br\/ct3\/treinamento-competitivo\/#primaryimage","url":"https:\/\/nk7-testes.com.br\/ct3\/wp-content\/uploads\/elementor\/thumbs\/competitivo-qpxxjfaa0y59o11k9mq8yhdd3vwopbvsndd35y3peu.jpg","contentUrl":"https:\/\/nk7-testes.com.br\/ct3\/wp-content\/uploads\/elementor\/thumbs\/competitivo-qpxxjfaa0y59o11k9mq8yhdd3vwopbvsndd35y3peu.jpg"},{"@type":"BreadcrumbList","@id":"https:\/\/nk7-testes.com.br\/ct3\/treinamento-competitivo\/#breadcrumb","itemListElement":[{"@type":"ListItem","position":1,"name":"In\u00edcio","item":"https:\/\/nk7-testes.com.br\/ct3\/"},{"@type":"ListItem","position":2,"name":"Treinamento Competitivo"}]},{"@type":"WebSite","@id":"https:\/\/nk7-testes.com.br\/ct3\/#website","url":"https:\/\/nk7-testes.com.br\/ct3\/","name":"Cooper T\u00eanis","description":"BEM-VINDO(A) AO DEPARTAMENTO DE T\u00caNIS DO COOPER","publisher":{"@id":"https:\/\/nk7-testes.com.br\/ct3\/#organization"},"potentialAction":[{"@type":"SearchAction","target":{"@type":"EntryPoint","urlTemplate":"https:\/\/nk7-testes.com.br\/ct3\/?s={search_term_string}"},"query-input":{"@type":"PropertyValueSpecification","valueRequired":true,"valueName":"search_term_string"}}],"inLanguage":"pt-BR"},{"@type":"Organization","@id":"https:\/\/nk7-testes.com.br\/ct3\/#organization","name":"Cooper T\u00eanis","url":"https:\/\/nk7-testes.com.br\/ct3\/","logo":{"@type":"ImageObject","inLanguage":"pt-BR","@id":"https:\/\/nk7-testes.com.br\/ct3\/#\/schema\/logo\/image\/","url":"https:\/\/nk7-testes.com.br\/ct3\/wp-content\/uploads\/2024\/05\/LOGOCOOPERTENIS-1.png","contentUrl":"https:\/\/nk7-testes.com.br\/ct3\/wp-content\/uploads\/2024\/05\/LOGOCOOPERTENIS-1.png","width":500,"height":210,"caption":"Cooper T\u00eanis"},"image":{"@id":"https:\/\/nk7-testes.com.br\/ct3\/#\/schema\/logo\/image\/"}}]}},"_links":{"self":[{"href":"https:\/\/nk7-testes.com.br\/ct3\/wp-json\/wp\/v2\/pages\/25833","targetHints":{"allow":["GET"]}}],"collection":[{"href":"https:\/\/nk7-testes.com.br\/ct3\/wp-json\/wp\/v2\/pages"}],"about":[{"href":"https:\/\/nk7-testes.com.br\/ct3\/wp-json\/wp\/v2\/types\/page"}],"author":[{"embeddable":true,"href":"https:\/\/nk7-testes.com.br\/ct3\/wp-json\/wp\/v2\/users\/1"}],"replies":[{"embeddable":true,"href":"https:\/\/nk7-testes.com.br\/ct3\/wp-json\/wp\/v2\/comments?post=25833"}],"version-history":[{"count":7,"href":"https:\/\/nk7-testes.com.br\/ct3\/wp-json\/wp\/v2\/pages\/25833\/revisions"}],"predecessor-version":[{"id":25854,"href":"https:\/\/nk7-testes.com.br\/ct3\/wp-json\/wp\/v2\/pages\/25833\/revisions\/25854"}],"wp:attachment":[{"href":"https:\/\/nk7-testes.com.br\/ct3\/wp-json\/wp\/v2\/media?parent=25833"}],"curies":[{"name":"wp","href":"https:\/\/api.w.org\/{rel}","templated":true}]}}