{"id":18182,"date":"2022-10-03T12:30:14","date_gmt":"2022-10-03T12:30:14","guid":{"rendered":"http:\/\/clinicacoesp.com.br\/?page_id=18182"},"modified":"2024-08-16T23:25:41","modified_gmt":"2024-08-16T23:25:41","slug":"aulas-de-tenis","status":"publish","type":"page","link":"https:\/\/nk7-testes.com.br\/ct3\/aulas-de-tenis\/","title":{"rendered":"Aulas de T\u00eanis"},"content":{"rendered":"\t\t<div data-elementor-type=\"wp-page\" data-elementor-id=\"18182\" class=\"elementor elementor-18182\" data-elementor-post-type=\"page\">\n\t\t\t\t\t\t<section class=\"elementor-section elementor-top-section elementor-element elementor-element-552a975 scheme_light elementor-section-boxed elementor-section-height-default elementor-section-height-default sc_fly_static\" data-id=\"552a975\" data-element_type=\"section\" data-settings=\"{&quot;background_background&quot;:&quot;classic&quot;}\">\n\t\t\t\t\t\t<div class=\"elementor-container elementor-column-gap-extended\">\n\t\t\t\t\t<div class=\"elementor-column elementor-col-100 elementor-top-column elementor-element elementor-element-0909cd4 sc_inner_width_none sc_content_align_inherit sc_layouts_column_icons_position_left sc_fly_static\" data-id=\"0909cd4\" data-element_type=\"column\">\n\t\t\t<div class=\"elementor-widget-wrap elementor-element-populated\">\n\t\t\t\t\t\t<div class=\"elementor-element elementor-element-5c70834 sc_height_huge sc_fly_static elementor-widget elementor-widget-spacer\" data-id=\"5c70834\" data-element_type=\"widget\" data-widget_type=\"spacer.default\">\n\t\t\t\t<div class=\"elementor-widget-container\">\n\t\t\t<style>\/*! elementor - v3.22.0 - 17-06-2024 *\/\n.elementor-column .elementor-spacer-inner{height:var(--spacer-size)}.e-con{--container-widget-width:100%}.e-con-inner>.elementor-widget-spacer,.e-con>.elementor-widget-spacer{width:var(--container-widget-width,var(--spacer-size));--align-self:var(--container-widget-align-self,initial);--flex-shrink:0}.e-con-inner>.elementor-widget-spacer>.elementor-widget-container,.e-con>.elementor-widget-spacer>.elementor-widget-container{height:100%;width:100%}.e-con-inner>.elementor-widget-spacer>.elementor-widget-container>.elementor-spacer,.e-con>.elementor-widget-spacer>.elementor-widget-container>.elementor-spacer{height:100%}.e-con-inner>.elementor-widget-spacer>.elementor-widget-container>.elementor-spacer>.elementor-spacer-inner,.e-con>.elementor-widget-spacer>.elementor-widget-container>.elementor-spacer>.elementor-spacer-inner{height:var(--container-widget-height,var(--spacer-size))}.e-con-inner>.elementor-widget-spacer.elementor-widget-empty,.e-con>.elementor-widget-spacer.elementor-widget-empty{position:relative;min-height:22px;min-width:22px}.e-con-inner>.elementor-widget-spacer.elementor-widget-empty .elementor-widget-empty-icon,.e-con>.elementor-widget-spacer.elementor-widget-empty .elementor-widget-empty-icon{position:absolute;top:0;bottom:0;left:0;right:0;margin:auto;padding:0;width:22px;height:22px}<\/style>\t\t<div class=\"elementor-spacer\">\n\t\t\t<div class=\"elementor-spacer-inner\"><\/div>\n\t\t<\/div>\n\t\t\t\t<\/div>\n\t\t\t\t<\/div>\n\t\t\t\t\t<\/div>\n\t\t<\/div>\n\t\t\t\t\t<\/div>\n\t\t<\/section>\n\t\t\t\t<section class=\"elementor-section elementor-top-section elementor-element elementor-element-4b2cdd57 elementor-section-boxed elementor-section-height-default elementor-section-height-default sc_fly_static\" data-id=\"4b2cdd57\" data-element_type=\"section\" data-settings=\"{&quot;background_background&quot;:&quot;classic&quot;}\">\n\t\t\t\t\t\t<div class=\"elementor-container elementor-column-gap-extended\">\n\t\t\t\t\t<div class=\"elementor-column elementor-col-50 elementor-top-column elementor-element elementor-element-38994460 sc_inner_width_none sc_content_align_inherit sc_layouts_column_icons_position_left sc_fly_static\" data-id=\"38994460\" data-element_type=\"column\">\n\t\t\t<div class=\"elementor-widget-wrap elementor-element-populated\">\n\t\t\t\t\t\t<section class=\"elementor-section elementor-inner-section elementor-element elementor-element-3a8d77d4 elementor-section-boxed elementor-section-height-default elementor-section-height-default sc_fly_static\" data-id=\"3a8d77d4\" data-element_type=\"section\">\n\t\t\t\t\t\t<div class=\"elementor-container elementor-column-gap-no\">\n\t\t\t\t\t<div class=\"elementor-column elementor-col-100 elementor-inner-column elementor-element elementor-element-4cafc97b sc_inner_width_none sc_content_align_inherit sc_layouts_column_icons_position_left sc_fly_static\" data-id=\"4cafc97b\" data-element_type=\"column\">\n\t\t\t<div class=\"elementor-widget-wrap elementor-element-populated\">\n\t\t\t\t\t\t<div class=\"elementor-element elementor-element-43a26dc5 no-title animation_type_block sc_fly_static elementor-invisible elementor-widget elementor-widget-image\" data-id=\"43a26dc5\" data-element_type=\"widget\" data-settings=\"{&quot;_animation&quot;:&quot;racquet-fadeinup&quot;}\" data-widget_type=\"image.default\">\n\t\t\t\t<div class=\"elementor-widget-container\">\n\t\t\t<style>\/*! elementor - v3.22.0 - 17-06-2024 *\/\n.elementor-widget-image{text-align:center}.elementor-widget-image a{display:inline-block}.elementor-widget-image a img[src$=\".svg\"]{width:48px}.elementor-widget-image img{vertical-align:middle;display:inline-block}<\/style>\t\t\t\t\t\t\t\t\t\t<img decoding=\"async\" src=\"https:\/\/nk7-testes.com.br\/ct3\/wp-content\/uploads\/elementor\/thumbs\/kids-qv50gkefr1p1goilukc6armd7tik98xiesz7kihc2u.jpg\" title=\"kids\" alt=\"kids\" loading=\"lazy\" \/>\t\t\t\t\t\t\t\t\t\t\t\t\t<\/div>\n\t\t\t\t<\/div>\n\t\t\t\t<div class=\"elementor-element elementor-element-e7e7783 elementor-widget__width-initial elementor-absolute elementor-widget-mobile__width-initial elementor-widget-tablet__width-initial animation_type_block sc_fly_static elementor-invisible elementor-widget elementor-widget-image\" data-id=\"e7e7783\" data-element_type=\"widget\" data-settings=\"{&quot;_position&quot;:&quot;absolute&quot;,&quot;_animation&quot;:&quot;racquet-infinite-rotate&quot;}\" data-widget_type=\"image.default\">\n\t\t\t\t<div class=\"elementor-widget-container\">\n\t\t\t\t\t\t\t\t\t\t\t\t\t<img fetchpriority=\"high\" decoding=\"async\" width=\"400\" height=\"400\" src=\"https:\/\/nk7-testes.com.br\/ct3\/wp-content\/uploads\/2024\/08\/ai-generated-tennis-ball-isolated-on-transparent-background-png.webp\" class=\"attachment-full size-full wp-image-25825\" alt=\"\" srcset=\"https:\/\/nk7-testes.com.br\/ct3\/wp-content\/uploads\/2024\/08\/ai-generated-tennis-ball-isolated-on-transparent-background-png.webp 400w, https:\/\/nk7-testes.com.br\/ct3\/wp-content\/uploads\/2024\/08\/ai-generated-tennis-ball-isolated-on-transparent-background-png-300x300.webp 300w, https:\/\/nk7-testes.com.br\/ct3\/wp-content\/uploads\/2024\/08\/ai-generated-tennis-ball-isolated-on-transparent-background-png-150x150.webp 150w, https:\/\/nk7-testes.com.br\/ct3\/wp-content\/uploads\/2024\/08\/ai-generated-tennis-ball-isolated-on-transparent-background-png-370x370.webp 370w, https:\/\/nk7-testes.com.br\/ct3\/wp-content\/uploads\/2024\/08\/ai-generated-tennis-ball-isolated-on-transparent-background-png-120x120.webp 120w\" sizes=\"(max-width: 600px) 100vw, 400px\" \/>\t\t\t\t\t\t\t\t\t\t\t\t\t<\/div>\n\t\t\t\t<\/div>\n\t\t\t\t\t<\/div>\n\t\t<\/div>\n\t\t\t\t\t<\/div>\n\t\t<\/section>\n\t\t\t\t\t<\/div>\n\t\t<\/div>\n\t\t\t\t<div class=\"elementor-column elementor-col-50 elementor-top-column elementor-element elementor-element-4edbed60 sc_inner_width_none sc_content_align_inherit sc_layouts_column_icons_position_left sc_fly_static\" data-id=\"4edbed60\" data-element_type=\"column\">\n\t\t\t<div class=\"elementor-widget-wrap elementor-element-populated\">\n\t\t\t\t\t\t<div class=\"elementor-element elementor-element-3142690f elementor-widget__width-initial sc_fly_static elementor-widget elementor-widget-trx_sc_title\" data-id=\"3142690f\" data-element_type=\"widget\" data-widget_type=\"trx_sc_title.default\">\n\t\t\t\t<div class=\"elementor-widget-container\">\n\t\t\t<div\t\tclass=\"sc_title sc_title_default\" ><h2 class=\"sc_item_title sc_title_title sc_item_title_style_default sc_item_title_tag\"\n\t\t\t><span class=\"sc_item_title_text\">Melhore Suas Habilidades com Aulas de T\u00eanis Individualizadas e em Grupo<\/span><\/h2><div class=\"sc_item_descr sc_title_descr\"><p>Aulas de t\u00eanis s\u00e3o sess\u00f5es de treinamento individualizadas ou em grupo, ministradas por treinadores especializados no esporte do t\u00eanis. Essas aulas s\u00e3o projetadas para ajudar os alunos a desenvolverem e aperfei\u00e7oarem suas habilidades t\u00e9cnicas, t\u00e1ticas, f\u00edsicas e mentais no jogo de t\u00eanis.\u00a0<\/p>\n<p>Durante as aulas, os alunos podem aprender uma variedade de aspectos do jogo, incluindo t\u00e9cnicas de golpes (como o forehand, backhand, voleio, smash e saque), movimenta\u00e7\u00e3o na quadra, estrat\u00e9gias de jogo, controle de bola, entre outros. Os treinadores adaptam as aulas de acordo com o n\u00edvel de habilidade dos alunos, seja iniciante, intermedi\u00e1rio ou avan\u00e7ado, e tamb\u00e9m levam em considera\u00e7\u00e3o as metas individuais de cada aluno.\u00a0<\/p>\n<p>\u00a0As aulas de t\u00eanis s\u00e3o oferecidas em diferentes formatos, como aulas individuais, aulas em grupo, cl\u00ednicas ou acampamentos de t\u00eanis. Al\u00e9m disso, os treinadores utilizam uma variedade de m\u00e9todos de ensino, como demonstra\u00e7\u00f5es pr\u00e1ticas, exerc\u00edcios de repeti\u00e7\u00e3o, jogos direcionados e an\u00e1lises v\u00eddeo, para ajudar os alunos a melhorarem seu desempenho no esporte.\u00a0<\/p>\n<p>Em resumo, as aulas de t\u00eanis proporcionam uma oportunidade estruturada e orientada para que os alunos aprendam e aprimorem suas habilidades no esporte do t\u00eanis, seja para jogar recreativamente ou competitivamente.\u00a0<\/p>\n<\/div><\/div>\t\t<\/div>\n\t\t\t\t<\/div>\n\t\t\t\t\t<\/div>\n\t\t<\/div>\n\t\t\t\t\t<\/div>\n\t\t<\/section>\n\t\t\t\t<\/div>\n\t\t","protected":false},"excerpt":{"rendered":"<p>Melhore Suas Habilidades com Aulas de T\u00eanis Individualizadas e em Grupo Aulas de t\u00eanis s\u00e3o sess\u00f5es de treinamento individualizadas ou em grupo, ministradas por treinadores especializados no esporte do t\u00eanis.&hellip;<\/p>\n","protected":false},"author":1,"featured_media":0,"parent":0,"menu_order":0,"comment_status":"closed","ping_status":"closed","template":"","meta":{"_joinchat":[],"footnotes":""},"class_list":["post-18182","page","type-page","status-publish","hentry"],"yoast_head":"<!-- This site is optimized with the Yoast SEO plugin v23.5 - https:\/\/yoast.com\/wordpress\/plugins\/seo\/ -->\n<title>Aulas de T\u00eanis - Cooper T\u00eanis<\/title>\n<meta name=\"robots\" content=\"index, follow, max-snippet:-1, max-image-preview:large, max-video-preview:-1\" \/>\n<link rel=\"canonical\" href=\"https:\/\/nk7-testes.com.br\/ct3\/aulas-de-tenis\/\" \/>\n<meta property=\"og:locale\" content=\"pt_BR\" \/>\n<meta property=\"og:type\" content=\"article\" \/>\n<meta property=\"og:title\" content=\"Aulas de T\u00eanis - Cooper T\u00eanis\" \/>\n<meta property=\"og:description\" content=\"Melhore Suas Habilidades com Aulas de T\u00eanis Individualizadas e em Grupo Aulas de t\u00eanis s\u00e3o sess\u00f5es de treinamento individualizadas ou em grupo, ministradas por treinadores especializados no esporte do t\u00eanis.&hellip;\" \/>\n<meta property=\"og:url\" content=\"https:\/\/nk7-testes.com.br\/ct3\/aulas-de-tenis\/\" \/>\n<meta property=\"og:site_name\" content=\"Cooper T\u00eanis\" \/>\n<meta property=\"article:modified_time\" content=\"2024-08-16T23:25:41+00:00\" \/>\n<meta property=\"og:image\" content=\"https:\/\/nk7-testes.com.br\/ct3\/wp-content\/uploads\/elementor\/thumbs\/kids-qpxxjh5yem7ub8ytynji3gwaannf4q39bmo24i0x2e.jpg\" \/>\n<meta name=\"twitter:card\" content=\"summary_large_image\" \/>\n<meta name=\"twitter:label1\" content=\"Est. tempo de leitura\" \/>\n\t<meta name=\"twitter:data1\" content=\"1 minuto\" \/>\n<script type=\"application\/ld+json\" class=\"yoast-schema-graph\">{\"@context\":\"https:\/\/schema.org\",\"@graph\":[{\"@type\":\"WebPage\",\"@id\":\"https:\/\/nk7-testes.com.br\/ct3\/aulas-de-tenis\/\",\"url\":\"https:\/\/nk7-testes.com.br\/ct3\/aulas-de-tenis\/\",\"name\":\"Aulas de T\u00eanis - Cooper T\u00eanis\",\"isPartOf\":{\"@id\":\"https:\/\/nk7-testes.com.br\/ct3\/#website\"},\"primaryImageOfPage\":{\"@id\":\"https:\/\/nk7-testes.com.br\/ct3\/aulas-de-tenis\/#primaryimage\"},\"image\":{\"@id\":\"https:\/\/nk7-testes.com.br\/ct3\/aulas-de-tenis\/#primaryimage\"},\"thumbnailUrl\":\"https:\/\/nk7-testes.com.br\/ct3\/wp-content\/uploads\/elementor\/thumbs\/kids-qpxxjh5yem7ub8ytynji3gwaannf4q39bmo24i0x2e.jpg\",\"datePublished\":\"2022-10-03T12:30:14+00:00\",\"dateModified\":\"2024-08-16T23:25:41+00:00\",\"breadcrumb\":{\"@id\":\"https:\/\/nk7-testes.com.br\/ct3\/aulas-de-tenis\/#breadcrumb\"},\"inLanguage\":\"pt-BR\",\"potentialAction\":[{\"@type\":\"ReadAction\",\"target\":[\"https:\/\/nk7-testes.com.br\/ct3\/aulas-de-tenis\/\"]}]},{\"@type\":\"ImageObject\",\"inLanguage\":\"pt-BR\",\"@id\":\"https:\/\/nk7-testes.com.br\/ct3\/aulas-de-tenis\/#primaryimage\",\"url\":\"https:\/\/nk7-testes.com.br\/ct3\/wp-content\/uploads\/elementor\/thumbs\/kids-qpxxjh5yem7ub8ytynji3gwaannf4q39bmo24i0x2e.jpg\",\"contentUrl\":\"https:\/\/nk7-testes.com.br\/ct3\/wp-content\/uploads\/elementor\/thumbs\/kids-qpxxjh5yem7ub8ytynji3gwaannf4q39bmo24i0x2e.jpg\"},{\"@type\":\"BreadcrumbList\",\"@id\":\"https:\/\/nk7-testes.com.br\/ct3\/aulas-de-tenis\/#breadcrumb\",\"itemListElement\":[{\"@type\":\"ListItem\",\"position\":1,\"name\":\"In\u00edcio\",\"item\":\"https:\/\/nk7-testes.com.br\/ct3\/\"},{\"@type\":\"ListItem\",\"position\":2,\"name\":\"Aulas de T\u00eanis\"}]},{\"@type\":\"WebSite\",\"@id\":\"https:\/\/nk7-testes.com.br\/ct3\/#website\",\"url\":\"https:\/\/nk7-testes.com.br\/ct3\/\",\"name\":\"Cooper T\u00eanis\",\"description\":\"BEM-VINDO(A) AO DEPARTAMENTO DE T\u00caNIS DO COOPER\",\"publisher\":{\"@id\":\"https:\/\/nk7-testes.com.br\/ct3\/#organization\"},\"potentialAction\":[{\"@type\":\"SearchAction\",\"target\":{\"@type\":\"EntryPoint\",\"urlTemplate\":\"https:\/\/nk7-testes.com.br\/ct3\/?s={search_term_string}\"},\"query-input\":{\"@type\":\"PropertyValueSpecification\",\"valueRequired\":true,\"valueName\":\"search_term_string\"}}],\"inLanguage\":\"pt-BR\"},{\"@type\":\"Organization\",\"@id\":\"https:\/\/nk7-testes.com.br\/ct3\/#organization\",\"name\":\"Cooper T\u00eanis\",\"url\":\"https:\/\/nk7-testes.com.br\/ct3\/\",\"logo\":{\"@type\":\"ImageObject\",\"inLanguage\":\"pt-BR\",\"@id\":\"https:\/\/nk7-testes.com.br\/ct3\/#\/schema\/logo\/image\/\",\"url\":\"https:\/\/nk7-testes.com.br\/ct3\/wp-content\/uploads\/2024\/05\/LOGOCOOPERTENIS-1.png\",\"contentUrl\":\"https:\/\/nk7-testes.com.br\/ct3\/wp-content\/uploads\/2024\/05\/LOGOCOOPERTENIS-1.png\",\"width\":500,\"height\":210,\"caption\":\"Cooper T\u00eanis\"},\"image\":{\"@id\":\"https:\/\/nk7-testes.com.br\/ct3\/#\/schema\/logo\/image\/\"}}]}<\/script>\n<!-- \/ Yoast SEO plugin. -->","yoast_head_json":{"title":"Aulas de T\u00eanis - Cooper T\u00eanis","robots":{"index":"index","follow":"follow","max-snippet":"max-snippet:-1","max-image-preview":"max-image-preview:large","max-video-preview":"max-video-preview:-1"},"canonical":"https:\/\/nk7-testes.com.br\/ct3\/aulas-de-tenis\/","og_locale":"pt_BR","og_type":"article","og_title":"Aulas de T\u00eanis - Cooper T\u00eanis","og_description":"Melhore Suas Habilidades com Aulas de T\u00eanis Individualizadas e em Grupo Aulas de t\u00eanis s\u00e3o sess\u00f5es de treinamento individualizadas ou em grupo, ministradas por treinadores especializados no esporte do t\u00eanis.&hellip;","og_url":"https:\/\/nk7-testes.com.br\/ct3\/aulas-de-tenis\/","og_site_name":"Cooper T\u00eanis","article_modified_time":"2024-08-16T23:25:41+00:00","og_image":[{"url":"https:\/\/nk7-testes.com.br\/ct3\/wp-content\/uploads\/elementor\/thumbs\/kids-qpxxjh5yem7ub8ytynji3gwaannf4q39bmo24i0x2e.jpg"}],"twitter_card":"summary_large_image","twitter_misc":{"Est. tempo de leitura":"1 minuto"},"schema":{"@context":"https:\/\/schema.org","@graph":[{"@type":"WebPage","@id":"https:\/\/nk7-testes.com.br\/ct3\/aulas-de-tenis\/","url":"https:\/\/nk7-testes.com.br\/ct3\/aulas-de-tenis\/","name":"Aulas de T\u00eanis - Cooper T\u00eanis","isPartOf":{"@id":"https:\/\/nk7-testes.com.br\/ct3\/#website"},"primaryImageOfPage":{"@id":"https:\/\/nk7-testes.com.br\/ct3\/aulas-de-tenis\/#primaryimage"},"image":{"@id":"https:\/\/nk7-testes.com.br\/ct3\/aulas-de-tenis\/#primaryimage"},"thumbnailUrl":"https:\/\/nk7-testes.com.br\/ct3\/wp-content\/uploads\/elementor\/thumbs\/kids-qpxxjh5yem7ub8ytynji3gwaannf4q39bmo24i0x2e.jpg","datePublished":"2022-10-03T12:30:14+00:00","dateModified":"2024-08-16T23:25:41+00:00","breadcrumb":{"@id":"https:\/\/nk7-testes.com.br\/ct3\/aulas-de-tenis\/#breadcrumb"},"inLanguage":"pt-BR","potentialAction":[{"@type":"ReadAction","target":["https:\/\/nk7-testes.com.br\/ct3\/aulas-de-tenis\/"]}]},{"@type":"ImageObject","inLanguage":"pt-BR","@id":"https:\/\/nk7-testes.com.br\/ct3\/aulas-de-tenis\/#primaryimage","url":"https:\/\/nk7-testes.com.br\/ct3\/wp-content\/uploads\/elementor\/thumbs\/kids-qpxxjh5yem7ub8ytynji3gwaannf4q39bmo24i0x2e.jpg","contentUrl":"https:\/\/nk7-testes.com.br\/ct3\/wp-content\/uploads\/elementor\/thumbs\/kids-qpxxjh5yem7ub8ytynji3gwaannf4q39bmo24i0x2e.jpg"},{"@type":"BreadcrumbList","@id":"https:\/\/nk7-testes.com.br\/ct3\/aulas-de-tenis\/#breadcrumb","itemListElement":[{"@type":"ListItem","position":1,"name":"In\u00edcio","item":"https:\/\/nk7-testes.com.br\/ct3\/"},{"@type":"ListItem","position":2,"name":"Aulas de T\u00eanis"}]},{"@type":"WebSite","@id":"https:\/\/nk7-testes.com.br\/ct3\/#website","url":"https:\/\/nk7-testes.com.br\/ct3\/","name":"Cooper T\u00eanis","description":"BEM-VINDO(A) AO DEPARTAMENTO DE T\u00caNIS DO COOPER","publisher":{"@id":"https:\/\/nk7-testes.com.br\/ct3\/#organization"},"potentialAction":[{"@type":"SearchAction","target":{"@type":"EntryPoint","urlTemplate":"https:\/\/nk7-testes.com.br\/ct3\/?s={search_term_string}"},"query-input":{"@type":"PropertyValueSpecification","valueRequired":true,"valueName":"search_term_string"}}],"inLanguage":"pt-BR"},{"@type":"Organization","@id":"https:\/\/nk7-testes.com.br\/ct3\/#organization","name":"Cooper T\u00eanis","url":"https:\/\/nk7-testes.com.br\/ct3\/","logo":{"@type":"ImageObject","inLanguage":"pt-BR","@id":"https:\/\/nk7-testes.com.br\/ct3\/#\/schema\/logo\/image\/","url":"https:\/\/nk7-testes.com.br\/ct3\/wp-content\/uploads\/2024\/05\/LOGOCOOPERTENIS-1.png","contentUrl":"https:\/\/nk7-testes.com.br\/ct3\/wp-content\/uploads\/2024\/05\/LOGOCOOPERTENIS-1.png","width":500,"height":210,"caption":"Cooper T\u00eanis"},"image":{"@id":"https:\/\/nk7-testes.com.br\/ct3\/#\/schema\/logo\/image\/"}}]}},"_links":{"self":[{"href":"https:\/\/nk7-testes.com.br\/ct3\/wp-json\/wp\/v2\/pages\/18182","targetHints":{"allow":["GET"]}}],"collection":[{"href":"https:\/\/nk7-testes.com.br\/ct3\/wp-json\/wp\/v2\/pages"}],"about":[{"href":"https:\/\/nk7-testes.com.br\/ct3\/wp-json\/wp\/v2\/types\/page"}],"author":[{"embeddable":true,"href":"https:\/\/nk7-testes.com.br\/ct3\/wp-json\/wp\/v2\/users\/1"}],"replies":[{"embeddable":true,"href":"https:\/\/nk7-testes.com.br\/ct3\/wp-json\/wp\/v2\/comments?post=18182"}],"version-history":[{"count":13,"href":"https:\/\/nk7-testes.com.br\/ct3\/wp-json\/wp\/v2\/pages\/18182\/revisions"}],"predecessor-version":[{"id":25843,"href":"https:\/\/nk7-testes.com.br\/ct3\/wp-json\/wp\/v2\/pages\/18182\/revisions\/25843"}],"wp:attachment":[{"href":"https:\/\/nk7-testes.com.br\/ct3\/wp-json\/wp\/v2\/media?parent=18182"}],"curies":[{"name":"wp","href":"https:\/\/api.w.org\/{rel}","templated":true}]}}