{"id":69540,"date":"2021-05-24T03:07:54","date_gmt":"2021-05-24T03:07:54","guid":{"rendered":"https:\/\/abarevegan.com.br\/?page_id=69540"},"modified":"2021-06-08T15:23:36","modified_gmt":"2021-06-08T15:23:36","slug":"quem-somos","status":"publish","type":"page","link":"https:\/\/nk7-testes.com.br\/agazeta\/quem-somos\/","title":{"rendered":"Quem Somos"},"content":{"rendered":"<p><strong>Agazeta.net<\/strong> \u00e9 um portal de not\u00edcias com informa\u00e7\u00f5es do Acre e do mundo. Nossa equipe produz mat\u00e9rias voltadas ao interesse p\u00fablico sobre os mais variados assuntos. Por se tratar de um website, entendemos que o leitor procura por informa\u00e7\u00e3o r\u00e1pida, o que n\u00e3o torna menos importante a confiabilidade e a checagem de informa\u00e7\u00e3o.<\/p>\n<p>O\u00a0<strong>Agazeta.net<\/strong>\u00a0faz parte do grupo de comunica\u00e7\u00e3o da TV Gazeta (Grupo Recol), que \u00e9 l\u00edder em audi\u00eancia na programa\u00e7\u00e3o local e afiliada da Record TV no Acre.\u00a0Al\u00e9m da intera\u00e7\u00e3o com o conte\u00fado e com a equipe de jornalismo da TV Gazeta, o website\u00a0<strong>Agazeta.net<\/strong>\u00a0possui uma reda\u00e7\u00e3o pr\u00f3pria, composta por jornalistas, editores de v\u00eddeo, analistas de sistemas e designers especializados na produ\u00e7\u00e3o de conte\u00fado jornal\u00edstico exclusivo para internet.<\/p>\n<p>A reda\u00e7\u00e3o do\u00a0<strong>Agazeta.Net<\/strong>\u00a0est\u00e1 situada na Av. Ant\u00f4nio da Rocha Viana, n\u00ba 1.559, bairro Vila Ivonete &#8211; Cep. 69.914-610, Rio Branco &#8211; Acre. Os internautas podem entrar em contato atrav\u00e9s do\u00a0<a href=\"https:\/\/api.whatsapp.com\/send?1=pt_BR&amp;phone=5568999891042\" target=\"_blank\" rel=\"noopener\">WhatsApp (68)9.9989-1042<\/a>.<\/p>\n","protected":false},"excerpt":{"rendered":"<p>Agazeta.net \u00e9 um portal de not\u00edcias com informa\u00e7\u00f5es do Acre e do mundo. Nossa equipe produz mat\u00e9rias voltadas ao interesse p\u00fablico sobre os mais variados assuntos. Por se tratar de um website, entendemos que o leitor procura por informa\u00e7\u00e3o r\u00e1pida, o que n\u00e3o torna menos importante a confiabilidade e a checagem de informa\u00e7\u00e3o. O\u00a0Agazeta.net\u00a0faz parte [&hellip;]<\/p>\n","protected":false},"author":1,"featured_media":0,"parent":0,"menu_order":0,"comment_status":"closed","ping_status":"closed","template":"page-templates\/full-width.php","meta":{"jnews_page_loop":[],"jnews_single_page":[],"jnews_social_meta":[],"footnotes":""},"class_list":["post-69540","page","type-page","status-publish","hentry"],"yoast_head":"<!-- This site is optimized with the Yoast SEO plugin v26.5 - https:\/\/yoast.com\/wordpress\/plugins\/seo\/ -->\n<title>Quem Somos - Agazeta.net<\/title>\n<meta name=\"robots\" content=\"index, follow, max-snippet:-1, max-image-preview:large, max-video-preview:-1\" \/>\n<link rel=\"canonical\" href=\"https:\/\/nk7-testes.com.br\/agazeta\/quem-somos\/\" \/>\n<meta property=\"og:locale\" content=\"pt_BR\" \/>\n<meta property=\"og:type\" content=\"article\" \/>\n<meta property=\"og:title\" content=\"Quem Somos - Agazeta.net\" \/>\n<meta property=\"og:description\" content=\"Agazeta.net \u00e9 um portal de not\u00edcias com informa\u00e7\u00f5es do Acre e do mundo. Nossa equipe produz mat\u00e9rias voltadas ao interesse p\u00fablico sobre os mais variados assuntos. Por se tratar de um website, entendemos que o leitor procura por informa\u00e7\u00e3o r\u00e1pida, o que n\u00e3o torna menos importante a confiabilidade e a checagem de informa\u00e7\u00e3o. O\u00a0Agazeta.net\u00a0faz parte [&hellip;]\" \/>\n<meta property=\"og:url\" content=\"https:\/\/nk7-testes.com.br\/agazeta\/quem-somos\/\" \/>\n<meta property=\"og:site_name\" content=\"Agazeta.net\" \/>\n<meta property=\"article:modified_time\" content=\"2021-06-08T15:23:36+00:00\" \/>\n<meta name=\"twitter:card\" content=\"summary_large_image\" \/>\n<meta name=\"twitter:label1\" content=\"Est. tempo de leitura\" \/>\n\t<meta name=\"twitter:data1\" content=\"1 minuto\" \/>\n<script type=\"application\/ld+json\" class=\"yoast-schema-graph\">{\"@context\":\"https:\/\/schema.org\",\"@graph\":[{\"@type\":\"WebPage\",\"@id\":\"https:\/\/nk7-testes.com.br\/agazeta\/quem-somos\/\",\"url\":\"https:\/\/nk7-testes.com.br\/agazeta\/quem-somos\/\",\"name\":\"Quem Somos - Agazeta.net\",\"isPartOf\":{\"@id\":\"https:\/\/nk7-testes.com.br\/agazeta\/#website\"},\"datePublished\":\"2021-05-24T03:07:54+00:00\",\"dateModified\":\"2021-06-08T15:23:36+00:00\",\"breadcrumb\":{\"@id\":\"https:\/\/nk7-testes.com.br\/agazeta\/quem-somos\/#breadcrumb\"},\"inLanguage\":\"pt-BR\",\"potentialAction\":[{\"@type\":\"ReadAction\",\"target\":[\"https:\/\/nk7-testes.com.br\/agazeta\/quem-somos\/\"]}]},{\"@type\":\"BreadcrumbList\",\"@id\":\"https:\/\/nk7-testes.com.br\/agazeta\/quem-somos\/#breadcrumb\",\"itemListElement\":[{\"@type\":\"ListItem\",\"position\":1,\"name\":\"In\u00edcio\",\"item\":\"https:\/\/nk7-testes.com.br\/agazeta\/\"},{\"@type\":\"ListItem\",\"position\":2,\"name\":\"Quem Somos\"}]},{\"@type\":\"WebSite\",\"@id\":\"https:\/\/nk7-testes.com.br\/agazeta\/#website\",\"url\":\"https:\/\/nk7-testes.com.br\/agazeta\/\",\"name\":\"Agazeta.net\",\"description\":\"Agazeta.net - Not\u00edcias de Rio Branco\/AC\",\"potentialAction\":[{\"@type\":\"SearchAction\",\"target\":{\"@type\":\"EntryPoint\",\"urlTemplate\":\"https:\/\/nk7-testes.com.br\/agazeta\/?s={search_term_string}\"},\"query-input\":{\"@type\":\"PropertyValueSpecification\",\"valueRequired\":true,\"valueName\":\"search_term_string\"}}],\"inLanguage\":\"pt-BR\"}]}<\/script>\n<!-- \/ Yoast SEO plugin. -->","yoast_head_json":{"title":"Quem Somos - Agazeta.net","robots":{"index":"index","follow":"follow","max-snippet":"max-snippet:-1","max-image-preview":"max-image-preview:large","max-video-preview":"max-video-preview:-1"},"canonical":"https:\/\/nk7-testes.com.br\/agazeta\/quem-somos\/","og_locale":"pt_BR","og_type":"article","og_title":"Quem Somos - Agazeta.net","og_description":"Agazeta.net \u00e9 um portal de not\u00edcias com informa\u00e7\u00f5es do Acre e do mundo. Nossa equipe produz mat\u00e9rias voltadas ao interesse p\u00fablico sobre os mais variados assuntos. Por se tratar de um website, entendemos que o leitor procura por informa\u00e7\u00e3o r\u00e1pida, o que n\u00e3o torna menos importante a confiabilidade e a checagem de informa\u00e7\u00e3o. O\u00a0Agazeta.net\u00a0faz parte [&hellip;]","og_url":"https:\/\/nk7-testes.com.br\/agazeta\/quem-somos\/","og_site_name":"Agazeta.net","article_modified_time":"2021-06-08T15:23:36+00:00","twitter_card":"summary_large_image","twitter_misc":{"Est. tempo de leitura":"1 minuto"},"schema":{"@context":"https:\/\/schema.org","@graph":[{"@type":"WebPage","@id":"https:\/\/nk7-testes.com.br\/agazeta\/quem-somos\/","url":"https:\/\/nk7-testes.com.br\/agazeta\/quem-somos\/","name":"Quem Somos - Agazeta.net","isPartOf":{"@id":"https:\/\/nk7-testes.com.br\/agazeta\/#website"},"datePublished":"2021-05-24T03:07:54+00:00","dateModified":"2021-06-08T15:23:36+00:00","breadcrumb":{"@id":"https:\/\/nk7-testes.com.br\/agazeta\/quem-somos\/#breadcrumb"},"inLanguage":"pt-BR","potentialAction":[{"@type":"ReadAction","target":["https:\/\/nk7-testes.com.br\/agazeta\/quem-somos\/"]}]},{"@type":"BreadcrumbList","@id":"https:\/\/nk7-testes.com.br\/agazeta\/quem-somos\/#breadcrumb","itemListElement":[{"@type":"ListItem","position":1,"name":"In\u00edcio","item":"https:\/\/nk7-testes.com.br\/agazeta\/"},{"@type":"ListItem","position":2,"name":"Quem Somos"}]},{"@type":"WebSite","@id":"https:\/\/nk7-testes.com.br\/agazeta\/#website","url":"https:\/\/nk7-testes.com.br\/agazeta\/","name":"Agazeta.net","description":"Agazeta.net - Not\u00edcias de Rio Branco\/AC","potentialAction":[{"@type":"SearchAction","target":{"@type":"EntryPoint","urlTemplate":"https:\/\/nk7-testes.com.br\/agazeta\/?s={search_term_string}"},"query-input":{"@type":"PropertyValueSpecification","valueRequired":true,"valueName":"search_term_string"}}],"inLanguage":"pt-BR"}]}},"_links":{"self":[{"href":"https:\/\/nk7-testes.com.br\/agazeta\/wp-json\/wp\/v2\/pages\/69540","targetHints":{"allow":["GET"]}}],"collection":[{"href":"https:\/\/nk7-testes.com.br\/agazeta\/wp-json\/wp\/v2\/pages"}],"about":[{"href":"https:\/\/nk7-testes.com.br\/agazeta\/wp-json\/wp\/v2\/types\/page"}],"author":[{"embeddable":true,"href":"https:\/\/nk7-testes.com.br\/agazeta\/wp-json\/wp\/v2\/users\/1"}],"replies":[{"embeddable":true,"href":"https:\/\/nk7-testes.com.br\/agazeta\/wp-json\/wp\/v2\/comments?post=69540"}],"version-history":[{"count":0,"href":"https:\/\/nk7-testes.com.br\/agazeta\/wp-json\/wp\/v2\/pages\/69540\/revisions"}],"wp:attachment":[{"href":"https:\/\/nk7-testes.com.br\/agazeta\/wp-json\/wp\/v2\/media?parent=69540"}],"curies":[{"name":"wp","href":"https:\/\/api.w.org\/{rel}","templated":true}]}}